{"id":317,"date":"2016-08-11T09:52:47","date_gmt":"2016-08-11T09:52:47","guid":{"rendered":"http:\/\/demo.themegrill.com\/ample-pro\/?page_id=317"},"modified":"2018-12-11T05:12:03","modified_gmt":"2018-12-11T04:12:03","slug":"jasmin","status":"publish","type":"page","link":"https:\/\/www.eshtehardi.es\/?page_id=317","title":{"rendered":"Jasmin Eschtehardi"},"content":{"rendered":"<p><img loading=\"lazy\" decoding=\"async\" class=\"alignnone size-medium wp-image-825\" src=\"https:\/\/www.eshtehardi.es\/wp-content\/uploads\/2017\/10\/JE-200x300.jpg\" alt=\"\" width=\"200\" height=\"300\"><img loading=\"lazy\" decoding=\"async\" class=\"alignnone size-medium wp-image-831\" src=\"https:\/\/www.eshtehardi.es\/wp-content\/uploads\/2017\/10\/JE-300x300.jpg\" alt=\"\" width=\"300\" height=\"300\" srcset=\"https:\/\/www.eshtehardi.es\/wp-content\/uploads\/2017\/10\/JE-300x300.jpg 300w, https:\/\/www.eshtehardi.es\/wp-content\/uploads\/2017\/10\/JE-150x150.jpg 150w, https:\/\/www.eshtehardi.es\/wp-content\/uploads\/2017\/10\/JE-230x230.jpg 230w, https:\/\/www.eshtehardi.es\/wp-content\/uploads\/2017\/10\/JE.jpg 330w\" sizes=\"(max-width: 300px) 100vw, 300px\" \/><\/p>\n<p class=\"western\">Abogada<\/p>\n<p>Nacida en Berl\u00edn, Alemania, en 1978.<\/p>\n<p>Licenciada en Derecho, Universidad San Pablo CEU, Madrid.<\/p>\n<p>Direcci\u00f3n de Email: jasmin@eshtehardi.es<\/p>\n<p>Licenciada en el a\u00f1o 2.002, viene estando dedicada en cuerpo, alma y mente a la profesi\u00f3n.<\/p>\n<p>Jasmin Eschtehardi cuenta con una amplia experiencia en el ejercicio profesional en Marbella y municipios de toda la Costa del Sol, sobre todo en la pr\u00e1ctica del Derecho de Extranjer\u00eda, Administrativo, Urban\u00edstico, Mercantil, Civil e Inmobiliario, siendo las Inversiones extranjeras en nuestro pa\u00eds, la especialidad de esta letrada.<\/p>\n<p>Idiomas: espa\u00f1ol, alem\u00e1n e ingl\u00e9s<\/p>\n","protected":false},"excerpt":{"rendered":"<p>Abogada Nacida en Berl\u00edn, Alemania, en 1978. Licenciada en Derecho, Universidad San Pablo CEU, Madrid. Direcci\u00f3n de Email: jasmin@eshtehardi.es Licenciada en el a\u00f1o 2.002, viene estando dedicada en cuerpo, alma<a class=\"more-link\" href=\"https:\/\/www.eshtehardi.es\/?page_id=317\" title=\"Jasmin Eschtehardi\"><span>&gt;&gt;&gt;<\/span><\/a><\/p>\n","protected":false},"author":1,"featured_media":831,"parent":0,"menu_order":0,"comment_status":"closed","ping_status":"closed","template":"","meta":{"footnotes":""},"_links":{"self":[{"href":"https:\/\/www.eshtehardi.es\/index.php?rest_route=\/wp\/v2\/pages\/317"}],"collection":[{"href":"https:\/\/www.eshtehardi.es\/index.php?rest_route=\/wp\/v2\/pages"}],"about":[{"href":"https:\/\/www.eshtehardi.es\/index.php?rest_route=\/wp\/v2\/types\/page"}],"author":[{"embeddable":true,"href":"https:\/\/www.eshtehardi.es\/index.php?rest_route=\/wp\/v2\/users\/1"}],"replies":[{"embeddable":true,"href":"https:\/\/www.eshtehardi.es\/index.php?rest_route=%2Fwp%2Fv2%2Fcomments&post=317"}],"version-history":[{"count":13,"href":"https:\/\/www.eshtehardi.es\/index.php?rest_route=\/wp\/v2\/pages\/317\/revisions"}],"predecessor-version":[{"id":1084,"href":"https:\/\/www.eshtehardi.es\/index.php?rest_route=\/wp\/v2\/pages\/317\/revisions\/1084"}],"wp:featuredmedia":[{"embeddable":true,"href":"https:\/\/www.eshtehardi.es\/index.php?rest_route=\/wp\/v2\/media\/831"}],"wp:attachment":[{"href":"https:\/\/www.eshtehardi.es\/index.php?rest_route=%2Fwp%2Fv2%2Fmedia&parent=317"}],"curies":[{"name":"wp","href":"https:\/\/api.w.org\/{rel}","templated":true}]}}